{"id":6,"date":"2018-10-17T07:32:13","date_gmt":"2018-10-17T05:32:13","guid":{"rendered":"https:\/\/www.168inso.de\/?page_id=6"},"modified":"2018-10-17T18:12:24","modified_gmt":"2018-10-17T16:12:24","slug":"willkommen","status":"publish","type":"page","link":"https:\/\/www.168inso.de\/en\/","title":{"rendered":"welcome"},"content":{"rendered":"<p><\/p>\n<div id=\"1\">\n<div class=\"dhg-spec-parallex\">\n\n\t<div id=\"parallax_24\" class=\"adamrob_parallax \" \n\t            \t\t\t\t\tstyle=\"height:500px;  position: relative;\" \n\t            \t\t\t\t\tdata-parallax=\"scroll\" data-image-src=\"https:\/\/www.168inso.de\/wp-content\/uploads\/sites\/6\/willkommen.jpg\" \n\t            \t\t\t\t\tdata-z-Index=\"1\" \n\t            \t\t\t\t\tdata-ios-fix=\"true\" \n\t            \t\t\t\t\tdata-android-fix=\"true\"\n\t            \t\t\t\t\tdata-speed=\"0.1\">\n\n\n\n\t\t<div id=\"parallax_24_content\" class=\"adamrob_pcontainer\" style=\"height:500px;\">\n\n\t\t\n\t\t\t<div id=\"parallax_24_posttitle\" class=\"adamrob_parallax_posttitle\" style=\"text-align:center; padding:20px;\">\n\t\t\t\t<div style=\"display:none;\">\n\t\t\t\t\twelcome\t\t\t\t<\/div>\n\t\t\t<\/div>\n\n\t\t\t<div id=\"parallax_24_postcontent\" class=\"adamrob_parallax_postcontent\" id=\"24_parallax_content_post\" style=\"padding:20px;\">\n\t\t\t\t<div class=\"dhg-spec-parallex-content\">\n<h1 style=\"text-align: center;\">Help creditors!<\/h1>\n<h1 style=\"text-align: center;\">Secure values!<\/h1>\n<h1 style=\"text-align: center;\">Maximize revenues!<\/h1>\n<h1 style=\"text-align: center;\">Minimize losses!<\/h1>\n<\/div>\n\t\t\t<\/div>\n\n\t\t\n\n\t\t<\/div>\n\n<\/div>\n\t\n\t<\/div>\n<p>&nbsp;<\/p>\n<p>Paragraph 168 of the Insolvency Code, the so-called \u00a7168InsO, frequently challenges creditors and protection takers to examine and decide, within a very short time (<strong>1 week&#8217;s deadline!<\/strong>) Whether the &#8220;intention to sell&#8221; notice should be followed, or whether there is a better solution. We offer banks, leasing companies and other protection buyers to buy, rate and \/ or secure asset collateral directly, transparently and with guaranteed returns. This maximizes revenue and minimizes losses! We can help quickly and on time!<\/p>\n<p>&nbsp;<\/p>\n<\/div>\n<div id=\"2\">\n<div class=\"dhg-spec-parallex\">\n\n\t<div id=\"parallax_25\" class=\"adamrob_parallax \" \n\t            \t\t\t\t\tstyle=\"height:450px;  position: relative;\" \n\t            \t\t\t\t\tdata-parallax=\"scroll\" data-image-src=\"https:\/\/www.168inso.de\/wp-content\/uploads\/sites\/6\/gesetz.jpg\" \n\t            \t\t\t\t\tdata-z-Index=\"1\" \n\t            \t\t\t\t\tdata-ios-fix=\"true\" \n\t            \t\t\t\t\tdata-android-fix=\"true\"\n\t            \t\t\t\t\tdata-speed=\"0.1\">\n\n\n\n\t\t<div id=\"parallax_25_content\" class=\"adamrob_pcontainer\" style=\"height:450px;\">\n\n\t\t\n\t\t\t<div id=\"parallax_25_posttitle\" class=\"adamrob_parallax_posttitle\" style=\"text-align:center; padding:20px;\">\n\t\t\t\t<div style=\"display:none;\">\n\t\t\t\t\toverview\t\t\t\t<\/div>\n\t\t\t<\/div>\n\n\t\t\t<div id=\"parallax_25_postcontent\" class=\"adamrob_parallax_postcontent\" id=\"25_parallax_content_post\" style=\"padding:20px;\">\n\t\t\t\t<div class=\"dhg-spec-parallex-content\">\n<h1 style=\"text-align: center;\">overview<\/h1>\n<p>Solutions for dealing with your mobile asset collateral<\/p>\n<div class=\"dhg-spec-parallex-content-contact\"><a href=\"https:\/\/www.168inso.de\/en\/#5\" rel=\"m_PageScroll2id\">contact us<\/a><\/div>\n<\/div>\n\t\t\t<\/div>\n\n\t\t\n\n\t\t<\/div>\n\n<\/div>\n\t\n\t<\/div>\n<p>&nbsp;<\/p>\n<p>Paragraph 168 InsO requires a very quick review and decision on how to handle your collateral! The decision is up to YOU! You can use your influence to minimize the loss and create a clear record.<\/p>\n<p>Find here the paragraph 168 of the Insolvenzordnung in the wording:<\/p>\n<blockquote>\n<p><strong>Insolvenzordnung (InsO)<\/strong><\/p>\n<p>\u00a7 168 Mitteilung der Ver\u00e4u\u00dferungsabsicht<\/p>\n<p>(1) Bevor der Insolvenzverwalter einen Gegenstand, zu dessen Verwertung er nach \u00a7 166 berechtigt ist, an einen Dritten ver\u00e4u\u00dfert, hat er dem absonderungsberechtigten Gl\u00e4ubiger mitzuteilen, auf welche Weise der Gegenstand ver\u00e4u\u00dfert werden soll. Er hat dem Gl\u00e4ubiger Gelegenheit zu geben, binnen einer Woche auf eine andere, f\u00fcr den Gl\u00e4ubiger g\u00fcnstigere M\u00f6glichkeit der Verwertung des Gegenstands hinzuweisen.<\/p>\n<p>(2) Erfolgt ein solcher Hinweis innerhalb der Wochenfrist oder rechtzeitig vor der Ver\u00e4u\u00dferung, so hat der Verwalter die vom Gl\u00e4ubiger genannte Verwertungsm\u00f6glichkeit wahrzunehmen oder den Gl\u00e4ubiger so zu stellen, wie wenn er sie wahrgenommen h\u00e4tte.<\/p>\n<p>(3) Die andere Verwertungsm\u00f6glichkeit kann auch darin bestehen, dass der Gl\u00e4ubiger den Gegenstand selbst \u00fcbernimmt. G\u00fcnstiger ist eine Verwertungsm\u00f6glichkeit auch dann, wenn Kosten eingespart werden.<\/p>\n<p>(Quelle: <a href=\"http:\/\/www.gesetze-im-internet.de\/inso\/__168.html\" target=\"_blank\" rel=\"noopener\">http:\/\/www.gesetze-im-internet.de\/inso\/__168.html<\/a>)<\/p>\n<\/blockquote>\n<p>We offer protection takers and creditors help in exploiting, valuing and securing their asset collateral. You receive an independent assessment of the state of affairs, combined with a purchase offer, a revenue guarantee for transparent recovery on your behalf or an offer to deposit the collateral, as required.<\/p>\n<p>&nbsp;<\/p>\n<\/div>\n<div id=\"3\">\n<div class=\"dhg-spec-parallex\">\n\n\t<div id=\"parallax_26\" class=\"adamrob_parallax \" \n\t            \t\t\t\t\tstyle=\"height:450px;  position: relative;\" \n\t            \t\t\t\t\tdata-parallax=\"scroll\" data-image-src=\"https:\/\/www.168inso.de\/wp-content\/uploads\/sites\/6\/leistungen.jpg\" \n\t            \t\t\t\t\tdata-z-Index=\"1\" \n\t            \t\t\t\t\tdata-ios-fix=\"true\" \n\t            \t\t\t\t\tdata-android-fix=\"true\"\n\t            \t\t\t\t\tdata-speed=\"0.1\">\n\n\n\n\t\t<div id=\"parallax_26_content\" class=\"adamrob_pcontainer\" style=\"height:450px;\">\n\n\t\t\n\t\t\t<div id=\"parallax_26_posttitle\" class=\"adamrob_parallax_posttitle\" style=\"text-align:center; padding:20px;\">\n\t\t\t\t<div style=\"display:none;\">\n\t\t\t\t\tservices\t\t\t\t<\/div>\n\t\t\t<\/div>\n\n\t\t\t<div id=\"parallax_26_postcontent\" class=\"adamrob_parallax_postcontent\" id=\"26_parallax_content_post\" style=\"padding:20px;\">\n\t\t\t\t<div class=\"dhg-spec-parallex-content\">\n<h1 style=\"text-align: center;\">services<\/h1>\n<p>Purchase, valuation, securing mobile asset collateral<\/p>\n<div class=\"dhg-spec-parallex-content-contact\"><a href=\"https:\/\/www.168inso.de\/en\/#5\" rel=\"m_PageScroll2id\">contact us<\/a><\/div>\n<\/div>\n\t\t\t<\/div>\n\n\t\t\n\n\t\t<\/div>\n\n<\/div>\n\t\n\t<\/div>\n<p>&nbsp;<\/p>\n<p>We buy your asset collateral and take care of dismantling, transport and evacuation within the given timeframe! For almost 15 years machines, equipment and inventories are our profession! We buy directly or guarantee sales, if transparent recycling is required or desired! We work industry-independent and Europe-wide! We are your professional partner in large projects, even with elaborate dismantling and also on individual used machines and inventories. We are able to make you an offer within a short time. You will receive the purchase price and we will take care of the timely disassembly and transport, so that timelines are met. You can make flexible and tailored agreements with us!<\/p>\n<p>&nbsp;<\/p>\n<\/div>\n<div id=\"4\">\n<div class=\"dhg-spec-parallex\">\n\n\t<div id=\"parallax_27\" class=\"adamrob_parallax \" \n\t            \t\t\t\t\tstyle=\"height:450px;  position: relative;\" \n\t            \t\t\t\t\tdata-parallax=\"scroll\" data-image-src=\"https:\/\/www.168inso.de\/wp-content\/uploads\/sites\/6\/nutzen.jpg\" \n\t            \t\t\t\t\tdata-z-Index=\"1\" \n\t            \t\t\t\t\tdata-ios-fix=\"true\" \n\t            \t\t\t\t\tdata-android-fix=\"true\"\n\t            \t\t\t\t\tdata-speed=\"0.1\">\n\n\n\n\t\t<div id=\"parallax_27_content\" class=\"adamrob_pcontainer\" style=\"height:450px;\">\n\n\t\t\n\t\t\t<div id=\"parallax_27_posttitle\" class=\"adamrob_parallax_posttitle\" style=\"text-align:center; padding:20px;\">\n\t\t\t\t<div style=\"display:none;\">\n\t\t\t\t\tbenefit\t\t\t\t<\/div>\n\t\t\t<\/div>\n\n\t\t\t<div id=\"parallax_27_postcontent\" class=\"adamrob_parallax_postcontent\" id=\"27_parallax_content_post\" style=\"padding:20px;\">\n\t\t\t\t<div class=\"dhg-spec-parallex-content\">\n<h1 style=\"text-align: center;\">benefit<\/h1>\n<p>Simple, fast, flexible and needs-based asset management<\/p>\n<div class=\"dhg-spec-parallex-content-contact\"><a href=\"https:\/\/www.168inso.de\/en\/#5\" rel=\"m_PageScroll2id\">contact us<\/a><\/div>\n<\/div>\n\t\t\t<\/div>\n\n\t\t\n\n\t\t<\/div>\n\n<\/div>\n\t\n\t<\/div>\n<p>&nbsp;<\/p>\n<ul style=\"list-style-type: disc;\">\n<li><strong>simple:<\/strong> contact us and let us have the information you need, ie. what type of collateral is involved, who is the contact person on the spot (if an inspection is required), what is the time limit and is it about a purchase by us, a rating with a guaranteed yield or a guarantee.<\/li>\n<\/ul>\n<p>&nbsp;<\/p>\n<ul style=\"list-style-type: disc;\">\n<li><strong>fast:<\/strong> Depending on the file situation and the scope of information, we can give you a value assessment immediately or after a visit, so that you receive an offer for purchase or a revenue guarantee from an independent third party.<\/li>\n<\/ul>\n<p>&nbsp;<\/p>\n<ul style=\"list-style-type: disc;\">\n<li><strong>flexible:<\/strong> Together, we agree on how the project is an optimal solution for all concerned. This can be a direct purchase by us, it can be a transparent realization on your behalf or the assurance, so that at a later date can be decided on the further course of action.<\/li>\n<\/ul>\n<p>&nbsp;<\/p>\n<ul style=\"list-style-type: disc;\">\n<li><strong>tailored to your needs:<\/strong> no matter to which industry your assets belong: we act in line with demand and, if necessary, perform the complete evacuation or additional services as far as this is necessary for you.<\/li>\n<\/ul>\n<p>&nbsp;<\/p>\n<\/div>\n<div id=\"5\">\n<div class=\"dhg-spec-parallex\">\n\n\t<div id=\"parallax_28\" class=\"adamrob_parallax \" \n\t            \t\t\t\t\tstyle=\"height:450px;  position: relative;\" \n\t            \t\t\t\t\tdata-parallax=\"scroll\" data-image-src=\"https:\/\/www.168inso.de\/wp-content\/uploads\/sites\/6\/kontakt.jpg\" \n\t            \t\t\t\t\tdata-z-Index=\"1\" \n\t            \t\t\t\t\tdata-ios-fix=\"true\" \n\t            \t\t\t\t\tdata-android-fix=\"true\"\n\t            \t\t\t\t\tdata-speed=\"0.1\">\n\n\n\n\t\t<div id=\"parallax_28_content\" class=\"adamrob_pcontainer\" style=\"height:450px;\">\n\n\t\t\n\t\t\t<div id=\"parallax_28_posttitle\" class=\"adamrob_parallax_posttitle\" style=\"text-align:center; padding:20px;\">\n\t\t\t\t<div style=\"display:none;\">\n\t\t\t\t\tcontact\t\t\t\t<\/div>\n\t\t\t<\/div>\n\n\t\t\t<div id=\"parallax_28_postcontent\" class=\"adamrob_parallax_postcontent\" id=\"28_parallax_content_post\" style=\"padding:20px;\">\n\t\t\t\t<div class=\"dhg-spec-parallex-content\">\n<h1 style=\"text-align: center;\">contact<\/h1>\n<\/div>\n\t\t\t<\/div>\n\n\t\t\n\n\t\t<\/div>\n\n<\/div>\n\t\n\t<\/div>\n<p>&nbsp;<\/p>\n<div class=\"dhg-spec-row2-format\">\n<div class=\"dhg-spec-row2-left\">\n<div class=\"dhg-spec-adress-format\">\n<div class=\"dhg-spec-adress-icon\"><img loading=\"lazy\" class=\"alignnone size-full wp-image-72\" src=\"https:\/\/www.gebrauchtmaschinenankauf.com\/wp-content\/uploads\/sites\/2\/person.png\" alt=\"\" width=\"32\" height=\"32\" \/><\/div>\n<div class=\"dhg-spec-adress-content\">Daniel Holland<\/div>\n<\/div>\n<div class=\"dhg-spec-adress-format\">\n<div class=\"dhg-spec-adress-icon\"><img loading=\"lazy\" class=\"alignnone wp-image-73 size-full\" src=\"https:\/\/www.gebrauchtmaschinenankauf.com\/wp-content\/uploads\/sites\/2\/phone_icon.png\" alt=\"\" width=\"32\" height=\"32\" \/><\/div>\n<div class=\"dhg-spec-adress-content\">+49<strong>.<\/strong>211 &#8211; 26155192<\/div>\n<\/div>\n<div class=\"dhg-spec-adress-format\">\n<div class=\"dhg-spec-adress-icon\"><img loading=\"lazy\" class=\"alignnone wp-image-71 size-full\" src=\"https:\/\/www.gebrauchtmaschinenankauf.com\/wp-content\/uploads\/sites\/2\/mobile_icon.png\" alt=\"\" width=\"32\" height=\"32\" \/><\/div>\n<div class=\"dhg-spec-adress-content\">+49.172 &#8211; 4326660<\/div>\n<\/div>\n<div class=\"dhg-spec-adress-format\">\n<div class=\"dhg-spec-adress-icon\"><img loading=\"lazy\" class=\"alignnone wp-image-75 size-full\" src=\"https:\/\/www.gebrauchtmaschinenankauf.com\/wp-content\/uploads\/sites\/2\/fax_icon.png\" alt=\"\" width=\"32\" height=\"32\" \/><\/div>\n<div class=\"dhg-spec-adress-content\">+49.211 &#8211; 26155193<\/div>\n<\/div>\n<div class=\"dhg-spec-adress-format\">\n<div class=\"dhg-spec-adress-icon\"><img loading=\"lazy\" class=\"alignnone wp-image-70 size-full\" src=\"https:\/\/www.gebrauchtmaschinenankauf.com\/wp-content\/uploads\/sites\/2\/mail_icon.png\" alt=\"\" width=\"32\" height=\"32\" \/><\/div>\n<div class=\"dhg-spec-adress-content\">info@168inso.de<\/div>\n<\/div>\n<div class=\"dhg-spec-adress-format\">\n<div class=\"dhg-spec-adress-icon\"><img loading=\"lazy\" class=\"alignnone wp-image-74 size-full\" src=\"https:\/\/www.gebrauchtmaschinenankauf.com\/wp-content\/uploads\/sites\/2\/adress_icon.png\" alt=\"\" width=\"32\" height=\"32\" \/><\/div>\n<div class=\"dhg-spec-adress-content\">Erftstr. 26<br \/>\nD-40219 D\u00fcsseldorf<\/div>\n<\/div>\n<\/div>\n<div class=\"dhg-spec-row2-right\"><div id=\"usermessage2a\" class=\"cf_info \"><\/div><form enctype=\"multipart\/form-data\" action=\"\/en\/wp-json\/wp\/v2\/pages\/6#usermessage2a\" method=\"post\" class=\"cform kontakt-english \" id=\"cforms2form\"><ol class=\"cf-ol\"><li id=\"li-2-1\" class=\"\"><label id=\"label-2-1\" for=\"cf2_field_1\"><span>Your name<\/span><\/label><input type=\"text\" name=\"cf2_field_1\" id=\"cf2_field_1\" class=\"single\" value=\"\" title=\"\"\/><\/li><li id=\"li-2-2\" class=\"\"><label id=\"label-2-2\" for=\"cf2_field_2\"><span>company<\/span><\/label><input type=\"text\" name=\"cf2_field_2\" id=\"cf2_field_2\" class=\"single\" value=\"\" title=\"\"\/><\/li><li id=\"li-2-3\" class=\"\"><label id=\"label-2-3\" for=\"cf2_field_3\"><span>e-mail address<\/span><\/label><input type=\"text\" name=\"cf2_field_3\" id=\"cf2_field_3\" class=\"single fldemail fldrequired\" value=\"\" title=\"\"\/><span class=\"emailreqtxt\">(valid E-Mail-Address required)<\/span><\/li><li id=\"li-2-4\" class=\"\"><label id=\"label-2-4\" for=\"cf2_field_4\"><span>phone number<\/span><\/label><input type=\"text\" name=\"cf2_field_4\" id=\"cf2_field_4\" class=\"single\" value=\"\" title=\"\"\/><\/li><li id=\"li-2-5\" class=\"\"><label id=\"label-2-5\" for=\"cf2_field_5\"><span>fax number<\/span><\/label><input type=\"text\" name=\"cf2_field_5\" id=\"cf2_field_5\" class=\"single\" value=\"\" title=\"\"\/><\/li><li id=\"li-2-6\" class=\"\"><label id=\"label-2-6\" for=\"cf2_field_6\"><span>address<\/span><\/label><input type=\"text\" name=\"cf2_field_6\" id=\"cf2_field_6\" class=\"single\" value=\"\" title=\"\"\/><\/li><li id=\"li-2-7\" class=\"\"><label id=\"label-2-7\" for=\"cf2_field_7\"><span>Postcode \/ town<\/span><\/label><input type=\"text\" name=\"cf2_field_7\" id=\"cf2_field_7\" class=\"single fldrequired\" value=\"\" onfocus=\"clearField(this)\" onblur=\"setField(this)\" title=\"\"\/><span class=\"reqtxt\">(required)<\/span><\/li><li id=\"li-2-8\" class=\"\"><label id=\"label-2-8\" for=\"cf2_field_8\"><span>message<\/span><\/label><textarea cols=\"30\" rows=\"8\" name=\"cf2_field_8\" id=\"cf2_field_8\" class=\"area\" title=\"\"><\/textarea><\/li><\/ol><fieldset class=\"cf_hidden\"><legend>&nbsp;<\/legend><input type=\"hidden\" name=\"cf_working2\" id=\"cf_working2\" value=\"<span>one moment please...<\/span>\"\/><input type=\"hidden\" name=\"cf_failure2\" id=\"cf_failure2\" value=\"<span>Please fill out all required fields.<\/span>\"\/><input type=\"hidden\" name=\"cf_customerr2\" id=\"cf_customerr2\" value=\"y\"\/><\/fieldset><p class=\"cf-sb\"><input type=\"submit\" name=\"sendbutton2\" id=\"sendbutton2\" class=\"sendbutton\" value=\"submit\" \/><\/p><\/form><div id=\"usermessage2b\" class=\"cf_info \" ><\/div><\/div>\n<\/div>\n<\/div>\n<p><\/p>","protected":false},"excerpt":{"rendered":"<p>&nbsp; Paragraph 168 of the Insolvency Code, the so-called \u00a7168InsO, frequently challenges creditors and protection takers to examine and decide, within a very short time (1 week&#8217;s deadline!) Whether the &#8220;intention to sell&#8221; notice should be followed, or whether there is a better solution. We offer banks, leasing companies and other protection buyers to buy, [&hellip;]<\/p>\n","protected":false},"author":1,"featured_media":0,"parent":0,"menu_order":0,"comment_status":"closed","ping_status":"closed","template":"","meta":[],"_links":{"self":[{"href":"https:\/\/www.168inso.de\/en\/wp-json\/wp\/v2\/pages\/6"}],"collection":[{"href":"https:\/\/www.168inso.de\/en\/wp-json\/wp\/v2\/pages"}],"about":[{"href":"https:\/\/www.168inso.de\/en\/wp-json\/wp\/v2\/types\/page"}],"author":[{"embeddable":true,"href":"https:\/\/www.168inso.de\/en\/wp-json\/wp\/v2\/users\/1"}],"replies":[{"embeddable":true,"href":"https:\/\/www.168inso.de\/en\/wp-json\/wp\/v2\/comments?post=6"}],"version-history":[{"count":9,"href":"https:\/\/www.168inso.de\/en\/wp-json\/wp\/v2\/pages\/6\/revisions"}],"predecessor-version":[{"id":39,"href":"https:\/\/www.168inso.de\/en\/wp-json\/wp\/v2\/pages\/6\/revisions\/39"}],"wp:attachment":[{"href":"https:\/\/www.168inso.de\/en\/wp-json\/wp\/v2\/media?parent=6"}],"curies":[{"name":"wp","href":"https:\/\/api.w.org\/{rel}","templated":true}]}}